{"id":974,"date":"2023-09-22T09:22:49","date_gmt":"2023-09-22T09:22:49","guid":{"rendered":"https:\/\/islasmademar.es\/?post_type=product&#038;p=974"},"modified":"2023-09-22T09:22:49","modified_gmt":"2023-09-22T09:22:49","slug":"mueble-de-bano-en-melamina-roble-vainilla","status":"publish","type":"product","link":"https:\/\/islasmademar.es\/en\/producto\/mueble-de-bano-en-melamina-roble-vainilla\/","title":{"rendered":"Mueble de ba\u00f1o en melamina roble vainilla"},"content":{"rendered":"<p>Suministro mueble de ba\u00f1o en melamina roble vainilla, con dos cajones con gu\u00edas extra\u00edbles y apertura sistema push con dos estantes, suspendido del suelo de medidas de mueble 150&#215;50 (altoxancho) a 950\u20ac m\u00e1s igic (en nuestras instalaciones)<\/p>\n","protected":false},"excerpt":{"rendered":"<p>Suministro mueble de ba\u00f1o en melamina roble vainilla, con dos cajones con gu\u00edas extra\u00edbles y apertura sistema push con dos estantes, suspendido del suelo de medidas de mueble 150&#215;50 (altoxancho) a 950\u20ac m\u00e1s igic (en nuestras instalaciones)<\/p>\n","protected":false},"featured_media":975,"comment_status":"open","ping_status":"closed","template":"","meta":{"_et_pb_use_builder":"","_et_pb_old_content":"","_et_gb_content_width":""},"product_brand":[],"product_cat":[21],"product_tag":[],"class_list":{"0":"post-974","1":"product","2":"type-product","3":"status-publish","4":"has-post-thumbnail","6":"product_cat-diseno","8":"first","9":"instock","10":"shipping-taxable","11":"purchasable","12":"product-type-simple"},"yoast_head":"<!-- This site is optimized with the Yoast SEO plugin v27.5 - https:\/\/yoast.com\/product\/yoast-seo-wordpress\/ -->\n<title>Mueble de ba\u00f1o en melamina roble vainilla - Islas Mademar<\/title>\n<meta name=\"robots\" content=\"index, follow, max-snippet:-1, max-image-preview:large, max-video-preview:-1\" \/>\n<link rel=\"canonical\" href=\"https:\/\/islasmademar.es\/en\/producto\/mueble-de-bano-en-melamina-roble-vainilla\/\" \/>\n<meta property=\"og:locale\" content=\"en_US\" \/>\n<meta property=\"og:type\" content=\"article\" \/>\n<meta property=\"og:title\" content=\"Mueble de ba\u00f1o en melamina roble vainilla - Islas Mademar\" \/>\n<meta property=\"og:description\" content=\"Suministro mueble de ba\u00f1o en melamina roble vainilla, con dos cajones con gu\u00edas extra\u00edbles y apertura sistema push con dos estantes, suspendido del suelo de medidas de mueble 150&#215;50 (altoxancho) a 950\u20ac m\u00e1s igic (en nuestras instalaciones)\" \/>\n<meta property=\"og:url\" content=\"https:\/\/islasmademar.es\/en\/producto\/mueble-de-bano-en-melamina-roble-vainilla\/\" \/>\n<meta property=\"og:site_name\" content=\"Islas Mademar\" \/>\n<meta property=\"article:publisher\" content=\"https:\/\/www.facebook.com\/carpinteriademadera2020\/\" \/>\n<meta property=\"og:image\" content=\"https:\/\/islasmademar.es\/wp-content\/uploads\/2023\/09\/MUEBLE-DE-BANO-jpg.webp\" \/>\n\t<meta property=\"og:image:width\" content=\"2048\" \/>\n\t<meta property=\"og:image:height\" content=\"1536\" \/>\n\t<meta property=\"og:image:type\" content=\"image\/jpeg\" \/>\n<meta name=\"twitter:card\" content=\"summary_large_image\" \/>\n<meta name=\"twitter:label1\" content=\"Est. reading time\" \/>\n\t<meta name=\"twitter:data1\" content=\"1 minute\" \/>\n<script type=\"application\/ld+json\" class=\"yoast-schema-graph\">{\"@context\":\"https:\\\/\\\/schema.org\",\"@graph\":[{\"@type\":\"WebPage\",\"@id\":\"https:\\\/\\\/islasmademar.es\\\/en\\\/producto\\\/mueble-de-bano-en-melamina-roble-vainilla\\\/\",\"url\":\"https:\\\/\\\/islasmademar.es\\\/en\\\/producto\\\/mueble-de-bano-en-melamina-roble-vainilla\\\/\",\"name\":\"Mueble de ba\u00f1o en melamina roble vainilla - Islas Mademar\",\"isPartOf\":{\"@id\":\"https:\\\/\\\/islasmademar.es\\\/en\\\/#website\"},\"primaryImageOfPage\":{\"@id\":\"https:\\\/\\\/islasmademar.es\\\/en\\\/producto\\\/mueble-de-bano-en-melamina-roble-vainilla\\\/#primaryimage\"},\"image\":{\"@id\":\"https:\\\/\\\/islasmademar.es\\\/en\\\/producto\\\/mueble-de-bano-en-melamina-roble-vainilla\\\/#primaryimage\"},\"thumbnailUrl\":\"https:\\\/\\\/islasmademar.es\\\/wp-content\\\/uploads\\\/2023\\\/09\\\/MUEBLE-DE-BANO-jpg.webp\",\"datePublished\":\"2023-09-22T09:22:49+00:00\",\"breadcrumb\":{\"@id\":\"https:\\\/\\\/islasmademar.es\\\/en\\\/producto\\\/mueble-de-bano-en-melamina-roble-vainilla\\\/#breadcrumb\"},\"inLanguage\":\"en-US\",\"potentialAction\":[{\"@type\":\"ReadAction\",\"target\":[\"https:\\\/\\\/islasmademar.es\\\/en\\\/producto\\\/mueble-de-bano-en-melamina-roble-vainilla\\\/\"]}]},{\"@type\":\"ImageObject\",\"inLanguage\":\"en-US\",\"@id\":\"https:\\\/\\\/islasmademar.es\\\/en\\\/producto\\\/mueble-de-bano-en-melamina-roble-vainilla\\\/#primaryimage\",\"url\":\"https:\\\/\\\/islasmademar.es\\\/wp-content\\\/uploads\\\/2023\\\/09\\\/MUEBLE-DE-BANO-jpg.webp\",\"contentUrl\":\"https:\\\/\\\/islasmademar.es\\\/wp-content\\\/uploads\\\/2023\\\/09\\\/MUEBLE-DE-BANO-jpg.webp\",\"width\":2048,\"height\":1536,\"caption\":\"MUEBLE DE BA\u00d1O\"},{\"@type\":\"BreadcrumbList\",\"@id\":\"https:\\\/\\\/islasmademar.es\\\/en\\\/producto\\\/mueble-de-bano-en-melamina-roble-vainilla\\\/#breadcrumb\",\"itemListElement\":[{\"@type\":\"ListItem\",\"position\":1,\"name\":\"Portada\",\"item\":\"https:\\\/\\\/islasmademar.es\\\/en\\\/home\\\/\"},{\"@type\":\"ListItem\",\"position\":2,\"name\":\"Tienda\",\"item\":\"https:\\\/\\\/islasmademar.es\\\/tienda\\\/\"},{\"@type\":\"ListItem\",\"position\":3,\"name\":\"Mueble de ba\u00f1o en melamina roble vainilla\"}]},{\"@type\":\"WebSite\",\"@id\":\"https:\\\/\\\/islasmademar.es\\\/en\\\/#website\",\"url\":\"https:\\\/\\\/islasmademar.es\\\/en\\\/\",\"name\":\"Islas Mademar\",\"description\":\"Somos una empresa de carpinter\u00eda que se moderniza al ritmo de los tiempos. Desde la fundaci\u00f3n de la empresa nos sentimos muy orgullosos de todos nuestros clientes satisfechos, y seguiremos esforz\u00e1ndonos para cumplir con todas sus expectativas.\",\"publisher\":{\"@id\":\"https:\\\/\\\/islasmademar.es\\\/en\\\/#organization\"},\"alternateName\":\"Mademar Islas\",\"potentialAction\":[{\"@type\":\"SearchAction\",\"target\":{\"@type\":\"EntryPoint\",\"urlTemplate\":\"https:\\\/\\\/islasmademar.es\\\/en\\\/?s={search_term_string}\"},\"query-input\":{\"@type\":\"PropertyValueSpecification\",\"valueRequired\":true,\"valueName\":\"search_term_string\"}}],\"inLanguage\":\"en-US\"},{\"@type\":\"Organization\",\"@id\":\"https:\\\/\\\/islasmademar.es\\\/en\\\/#organization\",\"name\":\"Islas Mademar\",\"alternateName\":\"Mademar Islas\",\"url\":\"https:\\\/\\\/islasmademar.es\\\/en\\\/\",\"logo\":{\"@type\":\"ImageObject\",\"inLanguage\":\"en-US\",\"@id\":\"https:\\\/\\\/islasmademar.es\\\/en\\\/#\\\/schema\\\/logo\\\/image\\\/\",\"url\":\"https:\\\/\\\/islasmademar.es\\\/wp-content\\\/uploads\\\/2023\\\/05\\\/logo.png\",\"contentUrl\":\"https:\\\/\\\/islasmademar.es\\\/wp-content\\\/uploads\\\/2023\\\/05\\\/logo.png\",\"width\":344,\"height\":72,\"caption\":\"Islas Mademar\"},\"image\":{\"@id\":\"https:\\\/\\\/islasmademar.es\\\/en\\\/#\\\/schema\\\/logo\\\/image\\\/\"},\"sameAs\":[\"https:\\\/\\\/www.facebook.com\\\/carpinteriademadera2020\\\/\",\"https:\\\/\\\/www.instagram.com\\\/islasmademar\\\/\"]}]}<\/script>\n<!-- \/ Yoast SEO plugin. -->","yoast_head_json":{"title":"Mueble de ba\u00f1o en melamina roble vainilla - Islas Mademar","robots":{"index":"index","follow":"follow","max-snippet":"max-snippet:-1","max-image-preview":"max-image-preview:large","max-video-preview":"max-video-preview:-1"},"canonical":"https:\/\/islasmademar.es\/en\/producto\/mueble-de-bano-en-melamina-roble-vainilla\/","og_locale":"en_US","og_type":"article","og_title":"Mueble de ba\u00f1o en melamina roble vainilla - Islas Mademar","og_description":"Suministro mueble de ba\u00f1o en melamina roble vainilla, con dos cajones con gu\u00edas extra\u00edbles y apertura sistema push con dos estantes, suspendido del suelo de medidas de mueble 150&#215;50 (altoxancho) a 950\u20ac m\u00e1s igic (en nuestras instalaciones)","og_url":"https:\/\/islasmademar.es\/en\/producto\/mueble-de-bano-en-melamina-roble-vainilla\/","og_site_name":"Islas Mademar","article_publisher":"https:\/\/www.facebook.com\/carpinteriademadera2020\/","og_image":[{"width":2048,"height":1536,"url":"https:\/\/islasmademar.es\/wp-content\/uploads\/2023\/09\/MUEBLE-DE-BANO-jpg.webp","type":"image\/jpeg"}],"twitter_card":"summary_large_image","twitter_misc":{"Est. reading time":"1 minute"},"schema":{"@context":"https:\/\/schema.org","@graph":[{"@type":"WebPage","@id":"https:\/\/islasmademar.es\/en\/producto\/mueble-de-bano-en-melamina-roble-vainilla\/","url":"https:\/\/islasmademar.es\/en\/producto\/mueble-de-bano-en-melamina-roble-vainilla\/","name":"Mueble de ba\u00f1o en melamina roble vainilla - Islas Mademar","isPartOf":{"@id":"https:\/\/islasmademar.es\/en\/#website"},"primaryImageOfPage":{"@id":"https:\/\/islasmademar.es\/en\/producto\/mueble-de-bano-en-melamina-roble-vainilla\/#primaryimage"},"image":{"@id":"https:\/\/islasmademar.es\/en\/producto\/mueble-de-bano-en-melamina-roble-vainilla\/#primaryimage"},"thumbnailUrl":"https:\/\/islasmademar.es\/wp-content\/uploads\/2023\/09\/MUEBLE-DE-BANO-jpg.webp","datePublished":"2023-09-22T09:22:49+00:00","breadcrumb":{"@id":"https:\/\/islasmademar.es\/en\/producto\/mueble-de-bano-en-melamina-roble-vainilla\/#breadcrumb"},"inLanguage":"en-US","potentialAction":[{"@type":"ReadAction","target":["https:\/\/islasmademar.es\/en\/producto\/mueble-de-bano-en-melamina-roble-vainilla\/"]}]},{"@type":"ImageObject","inLanguage":"en-US","@id":"https:\/\/islasmademar.es\/en\/producto\/mueble-de-bano-en-melamina-roble-vainilla\/#primaryimage","url":"https:\/\/islasmademar.es\/wp-content\/uploads\/2023\/09\/MUEBLE-DE-BANO-jpg.webp","contentUrl":"https:\/\/islasmademar.es\/wp-content\/uploads\/2023\/09\/MUEBLE-DE-BANO-jpg.webp","width":2048,"height":1536,"caption":"MUEBLE DE BA\u00d1O"},{"@type":"BreadcrumbList","@id":"https:\/\/islasmademar.es\/en\/producto\/mueble-de-bano-en-melamina-roble-vainilla\/#breadcrumb","itemListElement":[{"@type":"ListItem","position":1,"name":"Portada","item":"https:\/\/islasmademar.es\/en\/home\/"},{"@type":"ListItem","position":2,"name":"Tienda","item":"https:\/\/islasmademar.es\/tienda\/"},{"@type":"ListItem","position":3,"name":"Mueble de ba\u00f1o en melamina roble vainilla"}]},{"@type":"WebSite","@id":"https:\/\/islasmademar.es\/en\/#website","url":"https:\/\/islasmademar.es\/en\/","name":"Islas Mademar","description":"Somos una empresa de carpinter\u00eda que se moderniza al ritmo de los tiempos. Desde la fundaci\u00f3n de la empresa nos sentimos muy orgullosos de todos nuestros clientes satisfechos, y seguiremos esforz\u00e1ndonos para cumplir con todas sus expectativas.","publisher":{"@id":"https:\/\/islasmademar.es\/en\/#organization"},"alternateName":"Mademar Islas","potentialAction":[{"@type":"SearchAction","target":{"@type":"EntryPoint","urlTemplate":"https:\/\/islasmademar.es\/en\/?s={search_term_string}"},"query-input":{"@type":"PropertyValueSpecification","valueRequired":true,"valueName":"search_term_string"}}],"inLanguage":"en-US"},{"@type":"Organization","@id":"https:\/\/islasmademar.es\/en\/#organization","name":"Islas Mademar","alternateName":"Mademar Islas","url":"https:\/\/islasmademar.es\/en\/","logo":{"@type":"ImageObject","inLanguage":"en-US","@id":"https:\/\/islasmademar.es\/en\/#\/schema\/logo\/image\/","url":"https:\/\/islasmademar.es\/wp-content\/uploads\/2023\/05\/logo.png","contentUrl":"https:\/\/islasmademar.es\/wp-content\/uploads\/2023\/05\/logo.png","width":344,"height":72,"caption":"Islas Mademar"},"image":{"@id":"https:\/\/islasmademar.es\/en\/#\/schema\/logo\/image\/"},"sameAs":["https:\/\/www.facebook.com\/carpinteriademadera2020\/","https:\/\/www.instagram.com\/islasmademar\/"]}]}},"_links":{"self":[{"href":"https:\/\/islasmademar.es\/en\/wp-json\/wp\/v2\/product\/974","targetHints":{"allow":["GET"]}}],"collection":[{"href":"https:\/\/islasmademar.es\/en\/wp-json\/wp\/v2\/product"}],"about":[{"href":"https:\/\/islasmademar.es\/en\/wp-json\/wp\/v2\/types\/product"}],"replies":[{"embeddable":true,"href":"https:\/\/islasmademar.es\/en\/wp-json\/wp\/v2\/comments?post=974"}],"wp:featuredmedia":[{"embeddable":true,"href":"https:\/\/islasmademar.es\/en\/wp-json\/wp\/v2\/media\/975"}],"wp:attachment":[{"href":"https:\/\/islasmademar.es\/en\/wp-json\/wp\/v2\/media?parent=974"}],"wp:term":[{"taxonomy":"product_brand","embeddable":true,"href":"https:\/\/islasmademar.es\/en\/wp-json\/wp\/v2\/product_brand?post=974"},{"taxonomy":"product_cat","embeddable":true,"href":"https:\/\/islasmademar.es\/en\/wp-json\/wp\/v2\/product_cat?post=974"},{"taxonomy":"product_tag","embeddable":true,"href":"https:\/\/islasmademar.es\/en\/wp-json\/wp\/v2\/product_tag?post=974"}],"curies":[{"name":"wp","href":"https:\/\/api.w.org\/{rel}","templated":true}]}}